{"id":8962,"date":"2023-01-09T14:12:29","date_gmt":"2023-01-09T14:12:29","guid":{"rendered":"https:\/\/hibiscus2.hotel-webdesign.fr\/?page_id=8962"},"modified":"2024-12-03T12:49:22","modified_gmt":"2024-12-03T12:49:22","slug":"accommodation","status":"publish","type":"page","link":"https:\/\/www.appart-hotel-guyane.com\/en\/accommodation\/","title":{"rendered":"Lodgings"},"content":{"rendered":"<div data-elementor-type=\"wp-page\" data-elementor-id=\"8962\" class=\"elementor elementor-8962\">\n\t\t\t\t\t\t<section class=\"elementor-section elementor-top-section elementor-element elementor-element-b748679 elementor-section-stretched elementor-section-content-middle elementor-section-boxed elementor-section-height-default elementor-section-height-default\" data-id=\"b748679\" data-element_type=\"section\" data-settings=\"{&quot;stretch_section&quot;:&quot;section-stretched&quot;,&quot;background_background&quot;:&quot;classic&quot;}\">\n\t\t\t\t\t\t\t<div class=\"elementor-background-overlay\"><\/div>\n\t\t\t\t\t\t\t<div class=\"elementor-container elementor-column-gap-default\">\n\t\t\t\t\t<div class=\"elementor-column elementor-col-100 elementor-top-column elementor-element elementor-element-9f4330b\" data-id=\"9f4330b\" data-element_type=\"column\">\n\t\t\t<div class=\"elementor-widget-wrap elementor-element-populated\">\n\t\t\t\t\t\t<div class=\"elementor-element elementor-element-be408f1 elementor-widget elementor-widget-heading\" data-id=\"be408f1\" data-element_type=\"widget\" data-widget_type=\"heading.default\">\n\t\t\t\t<div class=\"elementor-widget-container\">\n\t\t\t\t\t<p class=\"elementor-heading-title elementor-size-default\">Appart Hotel Palm Suites in Cayenne<\/p>\t\t\t\t<\/div>\n\t\t\t\t<\/div>\n\t\t\t\t<div class=\"elementor-element elementor-element-5d8803ea elementor-widget elementor-widget-heading\" data-id=\"5d8803ea\" data-element_type=\"widget\" data-widget_type=\"heading.default\">\n\t\t\t\t<div class=\"elementor-widget-container\">\n\t\t\t\t\t<h1 class=\"elementor-heading-title elementor-size-default\">Lodgings<\/h1>\t\t\t\t<\/div>\n\t\t\t\t<\/div>\n\t\t\t\t\t<\/div>\n\t\t<\/div>\n\t\t\t\t\t<\/div>\n\t\t<\/section>\n\t\t\t\t<section class=\"elementor-section elementor-top-section elementor-element elementor-element-f3a8457 elementor-section-boxed elementor-section-height-default elementor-section-height-default\" data-id=\"f3a8457\" data-element_type=\"section\" id=\"imgpagehebergement\">\n\t\t\t\t\t\t<div class=\"elementor-container elementor-column-gap-default\">\n\t\t\t\t\t<div class=\"elementor-column elementor-col-100 elementor-top-column elementor-element elementor-element-fc49e11\" data-id=\"fc49e11\" data-element_type=\"column\">\n\t\t\t<div class=\"elementor-widget-wrap elementor-element-populated\">\n\t\t\t\t\t\t<div class=\"elementor-element elementor-element-8df54f3 elementor-widget elementor-widget-rooms\" data-id=\"8df54f3\" data-element_type=\"widget\" data-widget_type=\"rooms.default\">\n\t\t\t\t<div class=\"elementor-widget-container\">\n\t\t\t\t\t\n    <div class=\"nd_booking_section nd_booking_masonry_content\">\n  <div class=\"nd_booking_width_33_percentage nd_booking_rooms_widget_l1 nd_booking_width_100_percentage_responsive nd_booking_float_left nd_booking_masonry_item nd_booking_padding_15 nd_booking_padding_15_0_all_iphone nd_booking_box_sizing_border_box\">\n\n    <div class=\"nd_booking_section nd_booking_background_color_fff nd_booking_box_shadow_0_0_15_0_0001\">\n\n      \n\n\t<div class=\"nd_booking_section nd_booking_position_relative\">\n\n\t\t<a class=\"nd_booking_position_absolute nd_booking_height_100_percentage nd_booking_width_100_percentage nd_booking_cursor_pointer nd_booking_top_0 nd_booking_left_0 nd_booking_z_index_9\" href=\"https:\/\/www.appart-hotel-guyane.com\/en\/apartments\/duplex-t2\/\"><\/a>\n\n\t    <img decoding=\"async\" alt=\"\" class=\"nd_booking_section nd_booking_postgrid_rooms_single_room_img\" src=\"https:\/\/www.appart-hotel-guyane.com\/wp-content\/uploads\/2024\/11\/2-pieces-chambre-appart-hotel-residence-guyane-768x576.jpg\">\n\n\t    <div class=\"nd_booking_bg_greydark_alpha_gradient_3 nd_booking_position_absolute nd_booking_left_0 nd_booking_height_100_percentage nd_booking_width_100_percentage nd_booking_padding_30 nd_booking_box_sizing_border_box\">\n\t        \n\t        <div class=\"nd_booking_position_absolute nd_booking_top_20 nd_booking_left_0 nd_booking_width_100_percentage\">\n\t            <div class=\"nd_booking_section nd_booking_text_align_right\">\n\t                <a style=\"background-color: #e7e4d5\" href=\"https:\/\/www.appart-hotel-guyane.com\/en\/apartments\/duplex-t2\/\" class=\"nd_booking_e_rooms_postgrid_l1_price nd_booking_padding_10_20 nd_booking_text_transform_uppercase nd_options_second_font_important nd_booking_border_radius_0_important nd_options_color_white nd_booking_cursor_pointer nd_booking_display_inline_block nd_booking_font_size_12 nd_booking_letter_spacing_4\">FROM \u20ac170<\/a>\n\t            <\/div>\n\t        <\/div>\n\n\t        <div class=\"nd_booking_position_absolute nd_booking_bottom_0 nd_booking_padding_20_30 nd_booking_left_0 nd_booking_width_100_percentage\">\n\n\t            <div class=\"nd_booking_section\">\n\n\t            \t<h3 class=\"nd_options_color_white nd_booking_letter_spacing_1 nd_booking_e_rooms_postgrid_l1_title\">PENTHOUSE 3 ROOMS<\/h3>\n\n\t            \t<div class=\"nd_booking_section nd_booking_height_10 nd_booking_display_none_iphone_port\"><\/div>\n\n\t                <div class=\"nd_booking_display_table nd_booking_display_none_iphone_port\">\n\t                    <img decoding=\"async\" alt=\"\" class=\"nd_booking_margin_right_10 nd_booking_display_table_cell nd_booking_vertical_align_middle\" width=\"23\" src=\"https:\/\/www.appart-hotel-guyane.com\/wp-content\/plugins\/nd-booking\/addons\/elementor\/rooms\/layout\/..\/img\/icon-guests.png\">\n\t                    <p class=\"nd_booking_letter_spacing_2 nd_options_color_white nd_booking_display_table_cell nd_booking_vertical_align_middle nd_booking_font_size_12 nd_booking_line_height_26 nd_booking_text_transform_uppercase nd_booking_e_rooms_postgrid_l1_guests\">4 Guests<\/p>\n\t                    <img decoding=\"async\" alt=\"\" class=\"nd_booking_margin_right_10 nd_booking_margin_left_20 nd_booking_display_table_cell nd_booking_vertical_align_middle\" width=\"20\" src=\"https:\/\/www.appart-hotel-guyane.com\/wp-content\/plugins\/nd-booking\/addons\/elementor\/rooms\/layout\/..\/img\/icon-size.png\">\n\t                    <p class=\"nd_booking_letter_spacing_2 nd_options_color_white nd_booking_display_table_cell nd_booking_vertical_align_middle nd_booking_font_size_12 nd_booking_line_height_26 nd_booking_text_transform_uppercase nd_booking_e_rooms_postgrid_l1_size\">136 m2<\/p>\n\t                <\/div>\n\t            <\/div> \n\n\t        <\/div>\n\t    <\/div>\n\n\t<\/div>\n\n\n\n\n    \n\n  <\/div>\n    \n<\/div>\n  <div class=\"nd_booking_width_33_percentage nd_booking_rooms_widget_l1 nd_booking_width_100_percentage_responsive nd_booking_float_left nd_booking_masonry_item nd_booking_padding_15 nd_booking_padding_15_0_all_iphone nd_booking_box_sizing_border_box\">\n\n    <div class=\"nd_booking_section nd_booking_background_color_fff nd_booking_box_shadow_0_0_15_0_0001\">\n\n      \n\n\t<div class=\"nd_booking_section nd_booking_position_relative\">\n\n\t\t<a class=\"nd_booking_position_absolute nd_booking_height_100_percentage nd_booking_width_100_percentage nd_booking_cursor_pointer nd_booking_top_0 nd_booking_left_0 nd_booking_z_index_9\" href=\"https:\/\/www.appart-hotel-guyane.com\/en\/apartments\/studio-floor-2\/\"><\/a>\n\n\t    <img decoding=\"async\" alt=\"\" class=\"nd_booking_section nd_booking_postgrid_rooms_single_room_img\" src=\"https:\/\/www.appart-hotel-guyane.com\/wp-content\/uploads\/2024\/11\/studio-vuen-ensemble-2-appart-hotel-residence-guyane-768x576.jpg\">\n\n\t    <div class=\"nd_booking_bg_greydark_alpha_gradient_3 nd_booking_position_absolute nd_booking_left_0 nd_booking_height_100_percentage nd_booking_width_100_percentage nd_booking_padding_30 nd_booking_box_sizing_border_box\">\n\t        \n\t        <div class=\"nd_booking_position_absolute nd_booking_top_20 nd_booking_left_0 nd_booking_width_100_percentage\">\n\t            <div class=\"nd_booking_section nd_booking_text_align_right\">\n\t                <a style=\"background-color: #e7e4d5\" href=\"https:\/\/www.appart-hotel-guyane.com\/en\/apartments\/studio-floor-2\/\" class=\"nd_booking_e_rooms_postgrid_l1_price nd_booking_padding_10_20 nd_booking_text_transform_uppercase nd_options_second_font_important nd_booking_border_radius_0_important nd_options_color_white nd_booking_cursor_pointer nd_booking_display_inline_block nd_booking_font_size_12 nd_booking_letter_spacing_4\">FROM \u20ac85<\/a>\n\t            <\/div>\n\t        <\/div>\n\n\t        <div class=\"nd_booking_position_absolute nd_booking_bottom_0 nd_booking_padding_20_30 nd_booking_left_0 nd_booking_width_100_percentage\">\n\n\t            <div class=\"nd_booking_section\">\n\n\t            \t<h3 class=\"nd_options_color_white nd_booking_letter_spacing_1 nd_booking_e_rooms_postgrid_l1_title\">STUDIOS<\/h3>\n\n\t            \t<div class=\"nd_booking_section nd_booking_height_10 nd_booking_display_none_iphone_port\"><\/div>\n\n\t                <div class=\"nd_booking_display_table nd_booking_display_none_iphone_port\">\n\t                    <img decoding=\"async\" alt=\"\" class=\"nd_booking_margin_right_10 nd_booking_display_table_cell nd_booking_vertical_align_middle\" width=\"23\" src=\"https:\/\/www.appart-hotel-guyane.com\/wp-content\/plugins\/nd-booking\/addons\/elementor\/rooms\/layout\/..\/img\/icon-guests.png\">\n\t                    <p class=\"nd_booking_letter_spacing_2 nd_options_color_white nd_booking_display_table_cell nd_booking_vertical_align_middle nd_booking_font_size_12 nd_booking_line_height_26 nd_booking_text_transform_uppercase nd_booking_e_rooms_postgrid_l1_guests\">2 Guests<\/p>\n\t                    <img decoding=\"async\" alt=\"\" class=\"nd_booking_margin_right_10 nd_booking_margin_left_20 nd_booking_display_table_cell nd_booking_vertical_align_middle\" width=\"20\" src=\"https:\/\/www.appart-hotel-guyane.com\/wp-content\/plugins\/nd-booking\/addons\/elementor\/rooms\/layout\/..\/img\/icon-size.png\">\n\t                    <p class=\"nd_booking_letter_spacing_2 nd_options_color_white nd_booking_display_table_cell nd_booking_vertical_align_middle nd_booking_font_size_12 nd_booking_line_height_26 nd_booking_text_transform_uppercase nd_booking_e_rooms_postgrid_l1_size\">48 m2<\/p>\n\t                <\/div>\n\t            <\/div> \n\n\t        <\/div>\n\t    <\/div>\n\n\t<\/div>\n\n\n\n\n    \n\n  <\/div>\n    \n<\/div>\n  <div class=\"nd_booking_width_33_percentage nd_booking_rooms_widget_l1 nd_booking_width_100_percentage_responsive nd_booking_float_left nd_booking_masonry_item nd_booking_padding_15 nd_booking_padding_15_0_all_iphone nd_booking_box_sizing_border_box\">\n\n    <div class=\"nd_booking_section nd_booking_background_color_fff nd_booking_box_shadow_0_0_15_0_0001\">\n\n      \n\n\t<div class=\"nd_booking_section nd_booking_position_relative\">\n\n\t\t<a class=\"nd_booking_position_absolute nd_booking_height_100_percentage nd_booking_width_100_percentage nd_booking_cursor_pointer nd_booking_top_0 nd_booking_left_0 nd_booking_z_index_9\" href=\"https:\/\/www.appart-hotel-guyane.com\/en\/apartments\/t2\/\"><\/a>\n\n\t    <img decoding=\"async\" alt=\"\" class=\"nd_booking_section nd_booking_postgrid_rooms_single_room_img\" src=\"https:\/\/www.appart-hotel-guyane.com\/wp-content\/uploads\/2024\/11\/2-pieces-sejour-appart-hotel-residence-guyane-768x576.jpg\">\n\n\t    <div class=\"nd_booking_bg_greydark_alpha_gradient_3 nd_booking_position_absolute nd_booking_left_0 nd_booking_height_100_percentage nd_booking_width_100_percentage nd_booking_padding_30 nd_booking_box_sizing_border_box\">\n\t        \n\t        <div class=\"nd_booking_position_absolute nd_booking_top_20 nd_booking_left_0 nd_booking_width_100_percentage\">\n\t            <div class=\"nd_booking_section nd_booking_text_align_right\">\n\t                <a style=\"background-color: #e7e4d5\" href=\"https:\/\/www.appart-hotel-guyane.com\/en\/apartments\/t2\/\" class=\"nd_booking_e_rooms_postgrid_l1_price nd_booking_padding_10_20 nd_booking_text_transform_uppercase nd_options_second_font_important nd_booking_border_radius_0_important nd_options_color_white nd_booking_cursor_pointer nd_booking_display_inline_block nd_booking_font_size_12 nd_booking_letter_spacing_4\">FROM \u20ac105<\/a>\n\t            <\/div>\n\t        <\/div>\n\n\t        <div class=\"nd_booking_position_absolute nd_booking_bottom_0 nd_booking_padding_20_30 nd_booking_left_0 nd_booking_width_100_percentage\">\n\n\t            <div class=\"nd_booking_section\">\n\n\t            \t<h3 class=\"nd_options_color_white nd_booking_letter_spacing_1 nd_booking_e_rooms_postgrid_l1_title\">2 ROOMS<\/h3>\n\n\t            \t<div class=\"nd_booking_section nd_booking_height_10 nd_booking_display_none_iphone_port\"><\/div>\n\n\t                <div class=\"nd_booking_display_table nd_booking_display_none_iphone_port\">\n\t                    <img decoding=\"async\" alt=\"\" class=\"nd_booking_margin_right_10 nd_booking_display_table_cell nd_booking_vertical_align_middle\" width=\"23\" src=\"https:\/\/www.appart-hotel-guyane.com\/wp-content\/plugins\/nd-booking\/addons\/elementor\/rooms\/layout\/..\/img\/icon-guests.png\">\n\t                    <p class=\"nd_booking_letter_spacing_2 nd_options_color_white nd_booking_display_table_cell nd_booking_vertical_align_middle nd_booking_font_size_12 nd_booking_line_height_26 nd_booking_text_transform_uppercase nd_booking_e_rooms_postgrid_l1_guests\">2 Guests<\/p>\n\t                    <img decoding=\"async\" alt=\"\" class=\"nd_booking_margin_right_10 nd_booking_margin_left_20 nd_booking_display_table_cell nd_booking_vertical_align_middle\" width=\"20\" src=\"https:\/\/www.appart-hotel-guyane.com\/wp-content\/plugins\/nd-booking\/addons\/elementor\/rooms\/layout\/..\/img\/icon-size.png\">\n\t                    <p class=\"nd_booking_letter_spacing_2 nd_options_color_white nd_booking_display_table_cell nd_booking_vertical_align_middle nd_booking_font_size_12 nd_booking_line_height_26 nd_booking_text_transform_uppercase nd_booking_e_rooms_postgrid_l1_size\">74 m2<\/p>\n\t                <\/div>\n\t            <\/div> \n\n\t        <\/div>\n\t    <\/div>\n\n\t<\/div>\n\n\n\n\n    \n\n  <\/div>\n    \n<\/div>\n    <\/div>\t\t\t\t<\/div>\n\t\t\t\t<\/div>\n\t\t\t\t\t<\/div>\n\t\t<\/div>\n\t\t\t\t\t<\/div>\n\t\t<\/section>\n\t\t\t\t<\/div>","protected":false},"excerpt":{"rendered":"<p>Appart Hotel Palm Suites in Cayenne Accomodations From 99 \u20ac PENTHOUSE 3 ROOMS 2nd Floor 4 Travellers 136 m2 From 55 \u20ac STUDIOS 2 Travellers 48 m2 From 68 \u20ac 2 ROOMS 2 Travellers 74 m2 From \u20ac PENTHOUSE 2 ROOMS 2nd Floor Travellers m2<\/p>","protected":false},"author":1,"featured_media":10098,"parent":0,"menu_order":0,"comment_status":"closed","ping_status":"closed","template":"","meta":{"footnotes":""},"class_list":["post-8962","page","type-page","status-publish","has-post-thumbnail","hentry"],"yoast_head":"<!-- This site is optimized with the Yoast SEO plugin v27.1.1 - https:\/\/yoast.com\/product\/yoast-seo-wordpress\/ -->\n<title>H\u00e9bergements | Appart Hotel Guyane |\u00a0Palm Suites<\/title>\n<meta name=\"description\" content=\"D\u00e9couvrez nos h\u00e9bergements meubl\u00e9s \u00e0 Cayenne, parfaits pour le tourisme et les s\u00e9jours professionnels en Guyane. Confort et praticit\u00e9 garantis\" \/>\n<meta name=\"robots\" content=\"index, follow, max-snippet:-1, max-image-preview:large, max-video-preview:-1\" \/>\n<link rel=\"canonical\" href=\"https:\/\/www.appart-hotel-guyane.com\/en\/accommodation\/\" \/>\n<meta property=\"og:locale\" content=\"en_US\" \/>\n<meta property=\"og:type\" content=\"article\" \/>\n<meta property=\"og:title\" content=\"H\u00e9bergements | Appart Hotel Guyane |\u00a0Palm Suites\" \/>\n<meta property=\"og:description\" content=\"D\u00e9couvrez nos h\u00e9bergements meubl\u00e9s \u00e0 Cayenne, parfaits pour le tourisme et les s\u00e9jours professionnels en Guyane. Confort et praticit\u00e9 garantis\" \/>\n<meta property=\"og:url\" content=\"https:\/\/www.appart-hotel-guyane.com\/en\/accommodation\/\" \/>\n<meta property=\"og:site_name\" content=\"Appart Hotel Guyane |\u00a0Palm Suites\" \/>\n<meta property=\"article:modified_time\" content=\"2024-12-03T12:49:22+00:00\" \/>\n<meta property=\"og:image\" content=\"https:\/\/www.appart-hotel-guyane.com\/wp-content\/uploads\/2024\/11\/studio-cuisine-appart-hotel-residence-guyane-scaled.jpg\" \/>\n\t<meta property=\"og:image:width\" content=\"2560\" \/>\n\t<meta property=\"og:image:height\" content=\"1920\" \/>\n\t<meta property=\"og:image:type\" content=\"image\/jpeg\" \/>\n<meta name=\"twitter:card\" content=\"summary_large_image\" \/>\n<meta name=\"twitter:label1\" content=\"Est. reading time\" \/>\n\t<meta name=\"twitter:data1\" content=\"3 minutes\" \/>\n<script type=\"application\/ld+json\" class=\"yoast-schema-graph\">{\"@context\":\"https:\/\/schema.org\",\"@graph\":[{\"@type\":\"WebPage\",\"@id\":\"https:\/\/www.appart-hotel-guyane.com\/hebergements\/\",\"url\":\"https:\/\/www.appart-hotel-guyane.com\/hebergements\/\",\"name\":\"H\u00e9bergements | Appart Hotel Guyane |\u00a0Palm Suites\",\"isPartOf\":{\"@id\":\"https:\/\/www.appart-hotel-guyane.com\/#website\"},\"primaryImageOfPage\":{\"@id\":\"https:\/\/www.appart-hotel-guyane.com\/hebergements\/#primaryimage\"},\"image\":{\"@id\":\"https:\/\/www.appart-hotel-guyane.com\/hebergements\/#primaryimage\"},\"thumbnailUrl\":\"https:\/\/www.appart-hotel-guyane.com\/wp-content\/uploads\/2024\/11\/studio-cuisine-appart-hotel-residence-guyane-scaled.jpg\",\"datePublished\":\"2023-01-09T14:12:29+00:00\",\"dateModified\":\"2024-12-03T12:49:22+00:00\",\"description\":\"D\u00e9couvrez nos h\u00e9bergements meubl\u00e9s \u00e0 Cayenne, parfaits pour le tourisme et les s\u00e9jours professionnels en Guyane. Confort et praticit\u00e9 garantis\",\"inLanguage\":\"en-US\",\"potentialAction\":[{\"@type\":\"ReadAction\",\"target\":[\"https:\/\/www.appart-hotel-guyane.com\/hebergements\/\"]}]},{\"@type\":\"ImageObject\",\"inLanguage\":\"en-US\",\"@id\":\"https:\/\/www.appart-hotel-guyane.com\/hebergements\/#primaryimage\",\"url\":\"https:\/\/www.appart-hotel-guyane.com\/wp-content\/uploads\/2024\/11\/studio-cuisine-appart-hotel-residence-guyane-scaled.jpg\",\"contentUrl\":\"https:\/\/www.appart-hotel-guyane.com\/wp-content\/uploads\/2024\/11\/studio-cuisine-appart-hotel-residence-guyane-scaled.jpg\",\"width\":2560,\"height\":1920},{\"@type\":\"WebSite\",\"@id\":\"https:\/\/www.appart-hotel-guyane.com\/#website\",\"url\":\"https:\/\/www.appart-hotel-guyane.com\/\",\"name\":\"Appart Hotel en Guyane\",\"description\":\"\",\"publisher\":{\"@id\":\"https:\/\/www.appart-hotel-guyane.com\/#organization\"},\"potentialAction\":[{\"@type\":\"SearchAction\",\"target\":{\"@type\":\"EntryPoint\",\"urlTemplate\":\"https:\/\/www.appart-hotel-guyane.com\/?s={search_term_string}\"},\"query-input\":{\"@type\":\"PropertyValueSpecification\",\"valueRequired\":true,\"valueName\":\"search_term_string\"}}],\"inLanguage\":\"en-US\"},{\"@type\":\"Organization\",\"@id\":\"https:\/\/www.appart-hotel-guyane.com\/#organization\",\"name\":\"Appart Hotel en Guyane\",\"url\":\"https:\/\/www.appart-hotel-guyane.com\/\",\"logo\":{\"@type\":\"ImageObject\",\"inLanguage\":\"en-US\",\"@id\":\"https:\/\/www.appart-hotel-guyane.com\/#\/schema\/logo\/image\/\",\"url\":\"https:\/\/www.appart-hotel-guyane.com\/wp-content\/uploads\/2024\/10\/cropped-1-1.png\",\"contentUrl\":\"https:\/\/www.appart-hotel-guyane.com\/wp-content\/uploads\/2024\/10\/cropped-1-1.png\",\"width\":512,\"height\":512,\"caption\":\"Appart Hotel en Guyane\"},\"image\":{\"@id\":\"https:\/\/www.appart-hotel-guyane.com\/#\/schema\/logo\/image\/\"}}]}<\/script>\n<!-- \/ Yoast SEO plugin. -->","yoast_head_json":{"title":"Accommodation | Appart Hotel Guyane | Palm Suites","description":"Discover our furnished accommodation in Cayenne, perfect for tourism and business stays in French Guiana. Comfort and convenience guaranteed","robots":{"index":"index","follow":"follow","max-snippet":"max-snippet:-1","max-image-preview":"max-image-preview:large","max-video-preview":"max-video-preview:-1"},"canonical":"https:\/\/www.appart-hotel-guyane.com\/en\/accommodation\/","og_locale":"en_US","og_type":"article","og_title":"H\u00e9bergements | Appart Hotel Guyane |\u00a0Palm Suites","og_description":"D\u00e9couvrez nos h\u00e9bergements meubl\u00e9s \u00e0 Cayenne, parfaits pour le tourisme et les s\u00e9jours professionnels en Guyane. Confort et praticit\u00e9 garantis","og_url":"https:\/\/www.appart-hotel-guyane.com\/en\/accommodation\/","og_site_name":"Appart Hotel Guyane |\u00a0Palm Suites","article_modified_time":"2024-12-03T12:49:22+00:00","og_image":[{"width":2560,"height":1920,"url":"https:\/\/www.appart-hotel-guyane.com\/wp-content\/uploads\/2024\/11\/studio-cuisine-appart-hotel-residence-guyane-scaled.jpg","type":"image\/jpeg"}],"twitter_card":"summary_large_image","twitter_misc":{"Est. reading time":"3 minutes"},"schema":{"@context":"https:\/\/schema.org","@graph":[{"@type":"WebPage","@id":"https:\/\/www.appart-hotel-guyane.com\/hebergements\/","url":"https:\/\/www.appart-hotel-guyane.com\/hebergements\/","name":"Accommodation | Appart Hotel Guyane | Palm Suites","isPartOf":{"@id":"https:\/\/www.appart-hotel-guyane.com\/#website"},"primaryImageOfPage":{"@id":"https:\/\/www.appart-hotel-guyane.com\/hebergements\/#primaryimage"},"image":{"@id":"https:\/\/www.appart-hotel-guyane.com\/hebergements\/#primaryimage"},"thumbnailUrl":"https:\/\/www.appart-hotel-guyane.com\/wp-content\/uploads\/2024\/11\/studio-cuisine-appart-hotel-residence-guyane-scaled.jpg","datePublished":"2023-01-09T14:12:29+00:00","dateModified":"2024-12-03T12:49:22+00:00","description":"Discover our furnished accommodation in Cayenne, perfect for tourism and business stays in French Guiana. Comfort and convenience guaranteed","inLanguage":"en-US","potentialAction":[{"@type":"ReadAction","target":["https:\/\/www.appart-hotel-guyane.com\/hebergements\/"]}]},{"@type":"ImageObject","inLanguage":"en-US","@id":"https:\/\/www.appart-hotel-guyane.com\/hebergements\/#primaryimage","url":"https:\/\/www.appart-hotel-guyane.com\/wp-content\/uploads\/2024\/11\/studio-cuisine-appart-hotel-residence-guyane-scaled.jpg","contentUrl":"https:\/\/www.appart-hotel-guyane.com\/wp-content\/uploads\/2024\/11\/studio-cuisine-appart-hotel-residence-guyane-scaled.jpg","width":2560,"height":1920},{"@type":"WebSite","@id":"https:\/\/www.appart-hotel-guyane.com\/#website","url":"https:\/\/www.appart-hotel-guyane.com\/","name":"Appart Hotel in French Guiana","description":"","publisher":{"@id":"https:\/\/www.appart-hotel-guyane.com\/#organization"},"potentialAction":[{"@type":"SearchAction","target":{"@type":"EntryPoint","urlTemplate":"https:\/\/www.appart-hotel-guyane.com\/?s={search_term_string}"},"query-input":{"@type":"PropertyValueSpecification","valueRequired":true,"valueName":"search_term_string"}}],"inLanguage":"en-US"},{"@type":"Organization","@id":"https:\/\/www.appart-hotel-guyane.com\/#organization","name":"Appart Hotel in French Guiana","url":"https:\/\/www.appart-hotel-guyane.com\/","logo":{"@type":"ImageObject","inLanguage":"en-US","@id":"https:\/\/www.appart-hotel-guyane.com\/#\/schema\/logo\/image\/","url":"https:\/\/www.appart-hotel-guyane.com\/wp-content\/uploads\/2024\/10\/cropped-1-1.png","contentUrl":"https:\/\/www.appart-hotel-guyane.com\/wp-content\/uploads\/2024\/10\/cropped-1-1.png","width":512,"height":512,"caption":"Appart Hotel en Guyane"},"image":{"@id":"https:\/\/www.appart-hotel-guyane.com\/#\/schema\/logo\/image\/"}}]}},"_links":{"self":[{"href":"https:\/\/www.appart-hotel-guyane.com\/en\/wp-json\/wp\/v2\/pages\/8962","targetHints":{"allow":["GET"]}}],"collection":[{"href":"https:\/\/www.appart-hotel-guyane.com\/en\/wp-json\/wp\/v2\/pages"}],"about":[{"href":"https:\/\/www.appart-hotel-guyane.com\/en\/wp-json\/wp\/v2\/types\/page"}],"author":[{"embeddable":true,"href":"https:\/\/www.appart-hotel-guyane.com\/en\/wp-json\/wp\/v2\/users\/1"}],"replies":[{"embeddable":true,"href":"https:\/\/www.appart-hotel-guyane.com\/en\/wp-json\/wp\/v2\/comments?post=8962"}],"version-history":[{"count":1,"href":"https:\/\/www.appart-hotel-guyane.com\/en\/wp-json\/wp\/v2\/pages\/8962\/revisions"}],"predecessor-version":[{"id":10278,"href":"https:\/\/www.appart-hotel-guyane.com\/en\/wp-json\/wp\/v2\/pages\/8962\/revisions\/10278"}],"wp:featuredmedia":[{"embeddable":true,"href":"https:\/\/www.appart-hotel-guyane.com\/en\/wp-json\/wp\/v2\/media\/10098"}],"wp:attachment":[{"href":"https:\/\/www.appart-hotel-guyane.com\/en\/wp-json\/wp\/v2\/media?parent=8962"}],"curies":[{"name":"wp","href":"https:\/\/api.w.org\/{rel}","templated":true}]}}