{"id":8206,"date":"2022-12-12T09:11:29","date_gmt":"2022-12-12T09:11:29","guid":{"rendered":"https:\/\/hibiscus2.hotel-webdesign.fr\/?page_id=8206"},"modified":"2024-12-03T12:49:03","modified_gmt":"2024-12-03T12:49:03","slug":"reserva-apartamento-hotel","status":"publish","type":"page","link":"https:\/\/www.appart-hotel-guyane.com\/es\/reserva-apartamento-hotel\/","title":{"rendered":"Holiday Appart Hotel Guyane"},"content":{"rendered":"<div data-elementor-type=\"wp-page\" data-elementor-id=\"8206\" class=\"elementor elementor-8206\">\n\t\t\t\t\t\t<section class=\"elementor-section elementor-top-section elementor-element elementor-element-78c39df1 elementor-section-stretched elementor-section-content-middle elementor-section-boxed elementor-section-height-default elementor-section-height-default\" data-id=\"78c39df1\" data-element_type=\"section\" data-settings=\"{&quot;stretch_section&quot;:&quot;section-stretched&quot;,&quot;background_background&quot;:&quot;classic&quot;}\">\n\t\t\t\t\t\t\t<div class=\"elementor-background-overlay\"><\/div>\n\t\t\t\t\t\t\t<div class=\"elementor-container elementor-column-gap-default\">\n\t\t\t\t\t<div class=\"elementor-column elementor-col-100 elementor-top-column elementor-element elementor-element-2601a124\" data-id=\"2601a124\" data-element_type=\"column\">\n\t\t\t<div class=\"elementor-widget-wrap elementor-element-populated\">\n\t\t\t\t\t\t<div class=\"elementor-element elementor-element-f716380 elementor-widget elementor-widget-heading\" data-id=\"f716380\" data-element_type=\"widget\" data-widget_type=\"heading.default\">\n\t\t\t\t<div class=\"elementor-widget-container\">\n\t\t\t\t\t<h3 class=\"elementor-heading-title elementor-size-default\">Residencia - Pisos amueblados en Cayena, Guayana Francesa\n\n<\/h3>\t\t\t\t<\/div>\n\t\t\t\t<\/div>\n\t\t\t\t<div class=\"elementor-element elementor-element-5e878e6e elementor-widget elementor-widget-heading\" data-id=\"5e878e6e\" data-element_type=\"widget\" data-widget_type=\"heading.default\">\n\t\t\t\t<div class=\"elementor-widget-container\">\n\t\t\t\t\t<h1 class=\"elementor-heading-title elementor-size-default\">Reserva<\/h1>\t\t\t\t<\/div>\n\t\t\t\t<\/div>\n\t\t\t\t\t<\/div>\n\t\t<\/div>\n\t\t\t\t\t<\/div>\n\t\t<\/section>\n\t\t\t\t<section class=\"elementor-section elementor-top-section elementor-element elementor-element-53512d8 elementor-section-boxed elementor-section-height-default elementor-section-height-default\" data-id=\"53512d8\" data-element_type=\"section\">\n\t\t\t\t\t\t<div class=\"elementor-container elementor-column-gap-default\">\n\t\t\t\t\t<div class=\"elementor-column elementor-col-100 elementor-top-column elementor-element elementor-element-c89a20a\" data-id=\"c89a20a\" data-element_type=\"column\">\n\t\t\t<div class=\"elementor-widget-wrap elementor-element-populated\">\n\t\t\t\t\t\t<div class=\"elementor-element elementor-element-5546c5c elementor-widget elementor-widget-text-editor\" data-id=\"5546c5c\" data-element_type=\"widget\" data-widget_type=\"text-editor.default\">\n\t\t\t\t<div class=\"elementor-widget-container\">\n\t\t\t\t\t\t\t\t\t<p><strong><span style=\"color: #800000;\">\u00bfNo encuentra lo que busca? Haga una b\u00fasqueda de disponibilidad <a style=\"color: #800000;\" href=\"https:\/\/www.location-vacances-guyane.com\/reservation-appartement-guyane\/\" target=\"_blank\" rel=\"noopener\">en el emplazamiento de nuestra segunda residencia<\/a>en las inmediaciones.<\/span><\/strong><\/p>\t\t\t\t\t\t\t\t<\/div>\n\t\t\t\t<\/div>\n\t\t\t\t<div class=\"elementor-element elementor-element-c111563 elementor-widget elementor-widget-shortcode\" data-id=\"c111563\" data-element_type=\"widget\" data-widget_type=\"shortcode.default\">\n\t\t\t\t<div class=\"elementor-widget-container\">\n\t\t\t\t\t\t\t<div class=\"elementor-shortcode\"><\/div>\n\t\t\t\t\t\t<\/div>\n\t\t\t\t<\/div>\n\t\t\t\t<div class=\"elementor-element elementor-element-3e63f24 elementor-widget elementor-widget-text-editor\" data-id=\"3e63f24\" data-element_type=\"widget\" data-widget_type=\"text-editor.default\">\n\t\t\t\t<div class=\"elementor-widget-container\">\n\t\t\t\t\t\t\t\t\t<h2>\u00bfPor qu\u00e9 reservar directamente en nuestra web?<\/h2><p>Al elegir<strong>\u00a0reserve su alojamiento tur\u00edstico amueblado en Guayana Francesa\u00a0<\/strong>directamente en nuestro sitio, no s\u00f3lo se beneficia de las mismas condiciones de anulaci\u00f3n flexibles que en las grandes plataformas, sino que tambi\u00e9n accede a tarifas m\u00e1s ventajosas. De hecho, al evitar intermediarios, no tenemos que incluir ninguna comisi\u00f3n extra en nuestros precios, lo que significa que podemos ofrecerle las mejores ofertas posibles.<\/p>\t\t\t\t\t\t\t\t<\/div>\n\t\t\t\t<\/div>\n\t\t\t\t\t<\/div>\n\t\t<\/div>\n\t\t\t\t\t<\/div>\n\t\t<\/section>\n\t\t\t\t<\/div>","protected":false},"excerpt":{"rendered":"<p>R\u00e9sidence &#8211; Appartements meubl\u00e9s \u00e0 Cayenne en Guyane R\u00e9servation Vous ne trouvez pas votre bonheur? Faites une recherche de disponibilit\u00e9 sur le site de notre seconde r\u00e9sidence, \u00e0 proximit\u00e9 directe de celle ci. Pourquoi R\u00e9server Directement sur Notre Site ? En choisissant de\u00a0r\u00e9server votre meubl\u00e9 de tourisme en Guyane\u00a0directement sur notre site, vous b\u00e9n\u00e9ficiez non [&hellip;]<\/p>\n","protected":false},"author":1,"featured_media":10097,"parent":0,"menu_order":0,"comment_status":"closed","ping_status":"closed","template":"","meta":{"footnotes":""},"class_list":["post-8206","page","type-page","status-publish","has-post-thumbnail","hentry"],"yoast_head":"<!-- This site is optimized with the Yoast SEO plugin v27.1.1 - https:\/\/yoast.com\/product\/yoast-seo-wordpress\/ -->\n<title>R\u00e9servation Appart Hotel Guyane | Appart Hotel Guyane |\u00a0Palm Suites<\/title>\n<meta name=\"description\" content=\"R\u00e9servez facilement votre appartement meubl\u00e9 en Guyane. Id\u00e9al pour vos s\u00e9jours professionnels ou touristiques \u00e0 Cayenne, avec tout le confort\" \/>\n<meta name=\"robots\" content=\"index, follow, max-snippet:-1, max-image-preview:large, max-video-preview:-1\" \/>\n<link rel=\"canonical\" href=\"https:\/\/www.appart-hotel-guyane.com\/es\/reserva-apartamento-hotel\/\" \/>\n<meta property=\"og:locale\" content=\"es_ES\" \/>\n<meta property=\"og:type\" content=\"article\" \/>\n<meta property=\"og:title\" content=\"R\u00e9servation Appart Hotel Guyane | Appart Hotel Guyane |\u00a0Palm Suites\" \/>\n<meta property=\"og:description\" content=\"R\u00e9servez facilement votre appartement meubl\u00e9 en Guyane. Id\u00e9al pour vos s\u00e9jours professionnels ou touristiques \u00e0 Cayenne, avec tout le confort\" \/>\n<meta property=\"og:url\" content=\"https:\/\/www.appart-hotel-guyane.com\/es\/reserva-apartamento-hotel\/\" \/>\n<meta property=\"og:site_name\" content=\"Appart Hotel Guyane |\u00a0Palm Suites\" \/>\n<meta property=\"article:modified_time\" content=\"2024-12-03T12:49:03+00:00\" \/>\n<meta property=\"og:image\" content=\"https:\/\/www.appart-hotel-guyane.com\/wp-content\/uploads\/2024\/11\/2-pieces-terrasse-appart-hotel-residence-guyane-scaled.jpg\" \/>\n\t<meta property=\"og:image:width\" content=\"2560\" \/>\n\t<meta property=\"og:image:height\" content=\"1920\" \/>\n\t<meta property=\"og:image:type\" content=\"image\/jpeg\" \/>\n<meta name=\"twitter:card\" content=\"summary_large_image\" \/>\n<meta name=\"twitter:label1\" content=\"Tiempo de lectura\" \/>\n\t<meta name=\"twitter:data1\" content=\"1 minuto\" \/>\n<script type=\"application\/ld+json\" class=\"yoast-schema-graph\">{\"@context\":\"https:\/\/schema.org\",\"@graph\":[{\"@type\":\"WebPage\",\"@id\":\"https:\/\/www.appart-hotel-guyane.com\/reservation-appart-hotel\/\",\"url\":\"https:\/\/www.appart-hotel-guyane.com\/reservation-appart-hotel\/\",\"name\":\"R\u00e9servation Appart Hotel Guyane | Appart Hotel Guyane |\u00a0Palm Suites\",\"isPartOf\":{\"@id\":\"https:\/\/www.appart-hotel-guyane.com\/#website\"},\"primaryImageOfPage\":{\"@id\":\"https:\/\/www.appart-hotel-guyane.com\/reservation-appart-hotel\/#primaryimage\"},\"image\":{\"@id\":\"https:\/\/www.appart-hotel-guyane.com\/reservation-appart-hotel\/#primaryimage\"},\"thumbnailUrl\":\"https:\/\/www.appart-hotel-guyane.com\/wp-content\/uploads\/2024\/11\/2-pieces-terrasse-appart-hotel-residence-guyane-scaled.jpg\",\"datePublished\":\"2022-12-12T09:11:29+00:00\",\"dateModified\":\"2024-12-03T12:49:03+00:00\",\"description\":\"R\u00e9servez facilement votre appartement meubl\u00e9 en Guyane. Id\u00e9al pour vos s\u00e9jours professionnels ou touristiques \u00e0 Cayenne, avec tout le confort\",\"inLanguage\":\"es\",\"potentialAction\":[{\"@type\":\"ReadAction\",\"target\":[\"https:\/\/www.appart-hotel-guyane.com\/reservation-appart-hotel\/\"]}]},{\"@type\":\"ImageObject\",\"inLanguage\":\"es\",\"@id\":\"https:\/\/www.appart-hotel-guyane.com\/reservation-appart-hotel\/#primaryimage\",\"url\":\"https:\/\/www.appart-hotel-guyane.com\/wp-content\/uploads\/2024\/11\/2-pieces-terrasse-appart-hotel-residence-guyane-scaled.jpg\",\"contentUrl\":\"https:\/\/www.appart-hotel-guyane.com\/wp-content\/uploads\/2024\/11\/2-pieces-terrasse-appart-hotel-residence-guyane-scaled.jpg\",\"width\":2560,\"height\":1920},{\"@type\":\"WebSite\",\"@id\":\"https:\/\/www.appart-hotel-guyane.com\/#website\",\"url\":\"https:\/\/www.appart-hotel-guyane.com\/\",\"name\":\"Appart Hotel en Guyane\",\"description\":\"\",\"publisher\":{\"@id\":\"https:\/\/www.appart-hotel-guyane.com\/#organization\"},\"potentialAction\":[{\"@type\":\"SearchAction\",\"target\":{\"@type\":\"EntryPoint\",\"urlTemplate\":\"https:\/\/www.appart-hotel-guyane.com\/?s={search_term_string}\"},\"query-input\":{\"@type\":\"PropertyValueSpecification\",\"valueRequired\":true,\"valueName\":\"search_term_string\"}}],\"inLanguage\":\"es\"},{\"@type\":\"Organization\",\"@id\":\"https:\/\/www.appart-hotel-guyane.com\/#organization\",\"name\":\"Appart Hotel en Guyane\",\"url\":\"https:\/\/www.appart-hotel-guyane.com\/\",\"logo\":{\"@type\":\"ImageObject\",\"inLanguage\":\"es\",\"@id\":\"https:\/\/www.appart-hotel-guyane.com\/#\/schema\/logo\/image\/\",\"url\":\"https:\/\/www.appart-hotel-guyane.com\/wp-content\/uploads\/2024\/10\/cropped-1-1.png\",\"contentUrl\":\"https:\/\/www.appart-hotel-guyane.com\/wp-content\/uploads\/2024\/10\/cropped-1-1.png\",\"width\":512,\"height\":512,\"caption\":\"Appart Hotel en Guyane\"},\"image\":{\"@id\":\"https:\/\/www.appart-hotel-guyane.com\/#\/schema\/logo\/image\/\"}}]}<\/script>\n<!-- \/ Yoast SEO plugin. -->","yoast_head_json":{"title":"Reserva Appart Hotel Guyane | Appart Hotel Guyane | Palm Suites","description":"Reserve f\u00e1cilmente su piso amueblado en Guayana Francesa. Ideal para sus estancias profesionales o tur\u00edsticas en Cayena, con todas las comodidades.","robots":{"index":"index","follow":"follow","max-snippet":"max-snippet:-1","max-image-preview":"max-image-preview:large","max-video-preview":"max-video-preview:-1"},"canonical":"https:\/\/www.appart-hotel-guyane.com\/es\/reserva-apartamento-hotel\/","og_locale":"es_ES","og_type":"article","og_title":"R\u00e9servation Appart Hotel Guyane | Appart Hotel Guyane |\u00a0Palm Suites","og_description":"R\u00e9servez facilement votre appartement meubl\u00e9 en Guyane. Id\u00e9al pour vos s\u00e9jours professionnels ou touristiques \u00e0 Cayenne, avec tout le confort","og_url":"https:\/\/www.appart-hotel-guyane.com\/es\/reserva-apartamento-hotel\/","og_site_name":"Appart Hotel Guyane |\u00a0Palm Suites","article_modified_time":"2024-12-03T12:49:03+00:00","og_image":[{"width":2560,"height":1920,"url":"https:\/\/www.appart-hotel-guyane.com\/wp-content\/uploads\/2024\/11\/2-pieces-terrasse-appart-hotel-residence-guyane-scaled.jpg","type":"image\/jpeg"}],"twitter_card":"summary_large_image","twitter_misc":{"Tiempo de lectura":"1 minuto"},"schema":{"@context":"https:\/\/schema.org","@graph":[{"@type":"WebPage","@id":"https:\/\/www.appart-hotel-guyane.com\/reservation-appart-hotel\/","url":"https:\/\/www.appart-hotel-guyane.com\/reservation-appart-hotel\/","name":"Reserva Appart Hotel Guyane | Appart Hotel Guyane | Palm Suites","isPartOf":{"@id":"https:\/\/www.appart-hotel-guyane.com\/#website"},"primaryImageOfPage":{"@id":"https:\/\/www.appart-hotel-guyane.com\/reservation-appart-hotel\/#primaryimage"},"image":{"@id":"https:\/\/www.appart-hotel-guyane.com\/reservation-appart-hotel\/#primaryimage"},"thumbnailUrl":"https:\/\/www.appart-hotel-guyane.com\/wp-content\/uploads\/2024\/11\/2-pieces-terrasse-appart-hotel-residence-guyane-scaled.jpg","datePublished":"2022-12-12T09:11:29+00:00","dateModified":"2024-12-03T12:49:03+00:00","description":"Reserve f\u00e1cilmente su piso amueblado en Guayana Francesa. Ideal para sus estancias profesionales o tur\u00edsticas en Cayena, con todas las comodidades.","inLanguage":"es","potentialAction":[{"@type":"ReadAction","target":["https:\/\/www.appart-hotel-guyane.com\/reservation-appart-hotel\/"]}]},{"@type":"ImageObject","inLanguage":"es","@id":"https:\/\/www.appart-hotel-guyane.com\/reservation-appart-hotel\/#primaryimage","url":"https:\/\/www.appart-hotel-guyane.com\/wp-content\/uploads\/2024\/11\/2-pieces-terrasse-appart-hotel-residence-guyane-scaled.jpg","contentUrl":"https:\/\/www.appart-hotel-guyane.com\/wp-content\/uploads\/2024\/11\/2-pieces-terrasse-appart-hotel-residence-guyane-scaled.jpg","width":2560,"height":1920},{"@type":"WebSite","@id":"https:\/\/www.appart-hotel-guyane.com\/#website","url":"https:\/\/www.appart-hotel-guyane.com\/","name":"Appart Hotel en Guayana Francesa","description":"","publisher":{"@id":"https:\/\/www.appart-hotel-guyane.com\/#organization"},"potentialAction":[{"@type":"SearchAction","target":{"@type":"EntryPoint","urlTemplate":"https:\/\/www.appart-hotel-guyane.com\/?s={search_term_string}"},"query-input":{"@type":"PropertyValueSpecification","valueRequired":true,"valueName":"search_term_string"}}],"inLanguage":"es"},{"@type":"Organization","@id":"https:\/\/www.appart-hotel-guyane.com\/#organization","name":"Appart Hotel en Guayana Francesa","url":"https:\/\/www.appart-hotel-guyane.com\/","logo":{"@type":"ImageObject","inLanguage":"es","@id":"https:\/\/www.appart-hotel-guyane.com\/#\/schema\/logo\/image\/","url":"https:\/\/www.appart-hotel-guyane.com\/wp-content\/uploads\/2024\/10\/cropped-1-1.png","contentUrl":"https:\/\/www.appart-hotel-guyane.com\/wp-content\/uploads\/2024\/10\/cropped-1-1.png","width":512,"height":512,"caption":"Appart Hotel en Guyane"},"image":{"@id":"https:\/\/www.appart-hotel-guyane.com\/#\/schema\/logo\/image\/"}}]}},"_links":{"self":[{"href":"https:\/\/www.appart-hotel-guyane.com\/es\/wp-json\/wp\/v2\/pages\/8206","targetHints":{"allow":["GET"]}}],"collection":[{"href":"https:\/\/www.appart-hotel-guyane.com\/es\/wp-json\/wp\/v2\/pages"}],"about":[{"href":"https:\/\/www.appart-hotel-guyane.com\/es\/wp-json\/wp\/v2\/types\/page"}],"author":[{"embeddable":true,"href":"https:\/\/www.appart-hotel-guyane.com\/es\/wp-json\/wp\/v2\/users\/1"}],"replies":[{"embeddable":true,"href":"https:\/\/www.appart-hotel-guyane.com\/es\/wp-json\/wp\/v2\/comments?post=8206"}],"version-history":[{"count":2,"href":"https:\/\/www.appart-hotel-guyane.com\/es\/wp-json\/wp\/v2\/pages\/8206\/revisions"}],"predecessor-version":[{"id":10280,"href":"https:\/\/www.appart-hotel-guyane.com\/es\/wp-json\/wp\/v2\/pages\/8206\/revisions\/10280"}],"wp:featuredmedia":[{"embeddable":true,"href":"https:\/\/www.appart-hotel-guyane.com\/es\/wp-json\/wp\/v2\/media\/10097"}],"wp:attachment":[{"href":"https:\/\/www.appart-hotel-guyane.com\/es\/wp-json\/wp\/v2\/media?parent=8206"}],"curies":[{"name":"wp","href":"https:\/\/api.w.org\/{rel}","templated":true}]}}